{"id":25,"date":"2013-06-27T17:37:56","date_gmt":"2013-06-27T16:37:56","guid":{"rendered":"http:\/\/www.jesusromerotrillo.es\/?page_id=25"},"modified":"2024-01-22T08:13:27","modified_gmt":"2024-01-22T07:13:27","slug":"academin-positions","status":"publish","type":"page","link":"https:\/\/www.jesusromerotrillo.es\/?page_id=25","title":{"rendered":"Academic positions"},"content":{"rendered":"\n<div>\n<h3><b>OFFICIAL APPOINTMENTS<\/b><\/h3>\n<\/div>\n\n\n\n<ol><li>Visiting Professor. <em>Centre for Language, Discourse and Communication.<\/em> King&#8217;s College London. 2022.<\/li><li>Member of ACREDITA for the national accreditation of associate and full professors (ANECA) 2023-2026.<\/li><li>Member of the Spanish Board for novel Associate Professorship (tenured) positions in Spanish Universities. (ANECA-Spanish Ministry of Education), 2008.<\/li><li>\u00a0Member of the Madrid Region Accreditation Board for Senior Lectureships in Madrid Universities. (Madrid Education Board). 2006.<\/li><li>\u00a0Member of the Spanish Board for the accreditation of new doctoral programmes \u00a0in Spanish Universities\u00a0(ANECA-Spanish Ministry of Education). 2010.<\/li><li>\u00a0Member of the Spanish Board for the evaluation of Research Grants (Spanish Ministry of Science and Technology), since 2000.<\/li><\/ol>\n\n\n\n<h3><b>MEMBER OF PROFESSIONAL AND LEARNED SOCIETIES<\/b><\/h3>\n\n\n\n<div>\n<ol>\n<li>Editor-in-Chief of the Yearbook of Corpus Linguistics and Pragmatics (Springer)<\/li>\n<li>Review Editor for the journal Intercultural Pragmatics (Mouton de Gruyter), since 2005<\/li>\n<li>Member of the International Pragmatics Association (IPRA)<\/li>\n<li>Member of the British Association of Applied Linguistics (BAAL)<\/li>\n<li>Member of the American Pragmatics Association (AMPRA)<\/li>\n<li>Member of the Spanish Association of Anglo-American Studies (AEDEAN)<\/li>\n<li>Member of the Spanish Association of Corpus Linguistics (AELINCO)<\/li>\n<li>Member of the Inter Varietal Applied Corpus Studies Group (IVACS)<\/li>\n<li>Special advisor of the European Network for International Educational Activities (<a href=\"http:\/\/www.enieda.eu\">www.enieda.eu<\/a>), promoted by the European Union<\/li>\n<\/ol>\n<h3><strong>MEMBER OF INTERNATIONAL THESIS &nbsp;PANELS&nbsp;<\/strong><\/h3>\n<p>Apart from my activity as a board member of many thesis vivas in Spain, I have also taken part in the following international panels:<\/p>\n<p>Buysse, Lieven. 2010. Discourse Marker So in Native and Non-Native Spoken English. Universiteit Gent. Supervised by Prof. Anne Marie Simon-Vandenbergen.<\/p>\n<p>Aaronsson, Berit. 2015.&nbsp;Efectos pragm\u00e1ticos de transferencias pros\u00f3dicas del sueco al espa\u00f1ol L2. Umea Univeritet. Supervised by Prof. Lars Fant and Prof. Anita Malmqvist.<\/p>\n<p>Grisot, Cristina. 2015.&nbsp;Temporal reference : empirical and theoretical perspectives. Converging evidence from English and Romance. Universit\u00e9 de Gen\u00e8ve. Supervised by Prof. Jacques Moeschler.<\/p>\n<p>Leung, Helen. 2016.&nbsp; The semantics of utterance particles in informal Hong Kong Cantonese (Natural Semantic Metalanguage Approach). Griffith University, Australia. Supervised by Prof. Cliff Goddard.<\/p>\n<p>Sadow, Lauren. 2019. An NSM-based cultural dictionary of Australian English: from theory to practice. Australian National University. Supervised by Prof.&nbsp; <span class=\"recipients-summary-label\" title=\"<zhengdao.ye@anu.edu.au>&#8220;>Zhengdao Ye<\/span><\/p>\n<\/div>\n","protected":false},"excerpt":{"rendered":"<p>OFFICIAL APPOINTMENTS Visiting Professor. Centre for Language, Discourse and Communication. King&#8217;s College London. 2022. Member of ACREDITA for the national accreditation of associate and full professors (ANECA) 2023-2026. Member of the Spanish Board for novel Associate Professorship (tenured) positions in Spanish Universities. (ANECA-Spanish Ministry of Education), 2008. \u00a0Member of the Madrid Region Accreditation Board for [&hellip;]<\/p>\n","protected":false},"author":1,"featured_media":1398,"parent":8,"menu_order":2,"comment_status":"closed","ping_status":"open","template":"","meta":[],"aioseo_notices":[],"_links":{"self":[{"href":"https:\/\/www.jesusromerotrillo.es\/index.php?rest_route=\/wp\/v2\/pages\/25"}],"collection":[{"href":"https:\/\/www.jesusromerotrillo.es\/index.php?rest_route=\/wp\/v2\/pages"}],"about":[{"href":"https:\/\/www.jesusromerotrillo.es\/index.php?rest_route=\/wp\/v2\/types\/page"}],"author":[{"embeddable":true,"href":"https:\/\/www.jesusromerotrillo.es\/index.php?rest_route=\/wp\/v2\/users\/1"}],"replies":[{"embeddable":true,"href":"https:\/\/www.jesusromerotrillo.es\/index.php?rest_route=%2Fwp%2Fv2%2Fcomments&post=25"}],"version-history":[{"count":0,"href":"https:\/\/www.jesusromerotrillo.es\/index.php?rest_route=\/wp\/v2\/pages\/25\/revisions"}],"up":[{"embeddable":true,"href":"https:\/\/www.jesusromerotrillo.es\/index.php?rest_route=\/wp\/v2\/pages\/8"}],"wp:featuredmedia":[{"embeddable":true,"href":"https:\/\/www.jesusromerotrillo.es\/index.php?rest_route=\/wp\/v2\/media\/1398"}],"wp:attachment":[{"href":"https:\/\/www.jesusromerotrillo.es\/index.php?rest_route=%2Fwp%2Fv2%2Fmedia&parent=25"}],"curies":[{"name":"wp","href":"https:\/\/api.w.org\/{rel}","templated":true}]}}