{"id":1727,"date":"2022-11-21T12:45:18","date_gmt":"2022-11-21T11:45:18","guid":{"rendered":"https:\/\/www.jesusromerotrillo.es\/?page_id=1727"},"modified":"2022-11-22T12:23:24","modified_gmt":"2022-11-22T11:23:24","slug":"privacy-policy","status":"publish","type":"page","link":"https:\/\/www.jesusromerotrillo.es\/?page_id=1727","title":{"rendered":"Privacy Policy"},"content":{"rendered":"\n<p>Esta web, registrada en Espa\u00f1a, en su compromiso con la Protecci\u00f3n de la Confidencialidad y Privacidad de los Datos Personales, ha adaptado todos sus procesos de negocio, y especialmente aquellos que implican un tratamiento de datos personales, al REGLAMENTO (UE) 2016\/679 DEL PARLAMENTO EUROPEO Y DEL CONSEJO de 27 de abril de 2016 relativo a la protecci\u00f3n de las personas f\u00edsicas en lo que respecta al tratamiento de datos personales y a la libre circulaci\u00f3n de estos datos (RGPD), adecu\u00e1ndolos a las nuevas exigencias e implementado las medidas de seguridad necesarias atendiendo a los resultados obtenidos del an\u00e1lisis de riesgos realizado. La presente Pol\u00edtica de Privacidad describe qu\u00e9 informaci\u00f3n personal podemos recopilar, por qu\u00e9 la usamos y, en general, los procesos y las formas en que podemos tratarla. BASES LEGALES PARA EL TRATAMIENTO Cada finalidad para la que tratamos sus datos personales cuenta con un fundamento legal que justifica por qu\u00e9 estamos utilizando sus datos personales. A continuaci\u00f3n exponemos dichas bases legales: El Usuario ha prestado su consentimiento para solicitar informaci\u00f3n a trav\u00e9s del formulario de Contacto. Usted es libre de retirar su consentimiento contactando con nosotros. Sin embargo, la retirada de este consentimiento puede afectar a nuestra capacidad para atender la prestaci\u00f3n del servicio solicitado. El Usuario y\/o Cliente ha prestado su consentimiento informado para la instalaci\u00f3n de sistemas de seguimiento que informan sobre h\u00e1bitos de navegaci\u00f3n seg\u00fan la Pol\u00edtica de Cookies. Asimismo, pueden tener lugar supuestos en los que el procesamiento sea necesario para cumplir con una obligaci\u00f3n legal a la que estamos sujetos o sea necesario para la realizaci\u00f3n de una tarea llevada a cabo en inter\u00e9s p\u00fablico.  REDES SOCIALES \u2013 PLUGINS Nuestra p\u00e1gina web utiliza para su presentaci\u00f3n en Internet \u201cplug-in\u201d de redes sociales. Los plugins pueden reconocerse por el logotipo de la red social (por ejemplo, Facebook \u201cf\u201d blanca sobre un cuadrado azul o el dibujo de un \u201cpulgar hacia arriba\u201d) o de la leyenda. A continuaci\u00f3n le informamos sobre el procesamiento de los datos personales a trav\u00e9s de dichas redes sociales. Si accede a una p\u00e1gina web que contiene un plugin de este tipo, su navegador establece una conexi\u00f3n directa con los servidores de la red social y \u00e9sta transmite el contenido de los plugins directamente al navegador del usuario, integr\u00e1ndolo en el sitio web. Por consiguiente, no podemos influir en el alcance de los datos que la red social recopila con ayuda de estos plugins, por lo que s\u00f3lo podemos informarle sobre lo siguiente: Mediante la incorporaci\u00f3n de los plugins, la correspondiente red social recibe la informaci\u00f3n de que el usuario ha abierto la p\u00e1gina correspondiente de nuestro sitio web. Si el usuario ha iniciado sesi\u00f3n simult\u00e1neamente en la red social, \u00e9sta puede asignar la visita a su cuenta. Cuando se interacciona con los plugins, por ejemplo al presionar el bot\u00f3n \u201cMe gusta\u201d o al escribir un comentario, la informaci\u00f3n pertinente se transmite directamente de su navegador de red a la correspondiente red social donde se memoriza. A pesar de que no sea usted miembro de la red social existe la posibilidad de que la red social averig\u00fce su direcci\u00f3n IP y la memorice. Esta web desconoce los botones que el usuario ha utilizado ni cu\u00e1ndo. Por favor consulte, en la respectiva versi\u00f3n vigente de las indicaciones de Protecci\u00f3n de Datos de la correspondiente red social, el objetivo y el volumen de los datos recopilados, el procesamiento posterior y el uso que haga la red social de los datos, as\u00ed como los derechos correspondientes y las posibilidades de ajuste para proteger la esfera privada. En el caso de que quiera impedir que las redes sociales recopilen datos a trav\u00e9s de nuestra presentaci\u00f3n en Internet deber\u00e1 cerrar la sesi\u00f3n en las redes sociales antes de entrar en nuestra p\u00e1gina web. Plugins sociales de Facebook Nuestra p\u00e1gina web utiliza plugins sociales de la red social www.facebook.com, gestionada por la compa\u00f1\u00eda Facebook Inc., 1601 S. California Ave, Palo Alto, CA 94304, EE.UU. Le advertimos de que desconocemos qu\u00e9 datos transmite Facebook y c\u00f3mo los usa. La finalidad y el alcance de la recopilaci\u00f3n de datos y su posterior procesamiento y uso por parte de Facebook, as\u00ed como los derechos relativos y las posibilidades de configurar la protecci\u00f3n de la privacidad, se pueden consultar en la informaci\u00f3n sobre protecci\u00f3n de datos de Facebook: www.facebook.com\/policy.php. Plugins sociales de Twitter Nuestra p\u00e1gina web utiliza plugins sociales de la red social www.twitter.com, gestionada por la compa\u00f1\u00eda Twitter Inc., 1355 Market Street, Suite 900, San Francisco, California 94103, EE.UU. Le advertimos de que desconocemos qu\u00e9 datos transmite Twitter y c\u00f3mo los usa. La finalidad y el alcance de la recopilaci\u00f3n de datos y su posterior procesamiento y uso por parte de Twitter, as\u00ed como los derechos relativos y las posibilidades de configurar la protecci\u00f3n de la privacidad, se pueden consultar en la informaci\u00f3n sobre protecci\u00f3n de datos en www.twitter.com\/privacy. Plugins de YouTube Nuestra p\u00e1gina web utiliza plugins de www.youtube.com, gestionada por la compa\u00f1\u00eda YouTube LLC, una sociedad con domicilio social en 901 Cherry Avenue, San Bruno, CA 94066, Estados Unidos. Le advertimos de que desconocemos qu\u00e9 datos transmite YouTube y c\u00f3mo los usa. La finalidad y el alcance de la recopilaci\u00f3n de datos y su posterior procesamiento y uso por parte de YouTube, as\u00ed como los derechos relativos y las posibilidades de configurar la protecci\u00f3n de la privacidad, se pueden consultar en la informaci\u00f3n sobre protecci\u00f3n de datos de YouTube: https:\/\/policies.google.com\/privacy?hl=es&amp;gl=es. Plugins sociales de Flickr Nuestra p\u00e1gina web utiliza plugins sociales de la red social www.flickr.com, gestionada por la compa\u00f1\u00eda Oath (EMEA) Limited, 5-7 Point Square, North Wall Quay, Dublin 1. Le advertimos de que desconocemos qu\u00e9 datos transmite Flickr y c\u00f3mo los usa. La finalidad y el alcance de la recopilaci\u00f3n de datos y su posterior procesamiento y uso por parte de Flickr, as\u00ed como los derechos relativos y las posibilidades de configurar la protecci\u00f3n de la privacidad, se pueden consultar en la informaci\u00f3n sobre protecci\u00f3n de datos en: https:\/\/policies.oath.com\/ie\/es\/oath\/privacy\/index.html. 9. COOKIES Una cookie (o galleta inform\u00e1tica) es una peque\u00f1a informaci\u00f3n enviada por un sitio web y almacenada en el navegador del usuario, de manera que el sitio web puede consultar la actividad previa del usuario. Sus principales funciones son: Llevar el control de usuarios: cuando un usuario introduce su nombre de usuario y contrase\u00f1a, se almacena una cookie para que no tenga que estar introduci\u00e9ndolas para cada p\u00e1gina del servidor. Sin embargo, una cookie no identifica solo a una persona, sino a una combinaci\u00f3n de computador-navegador-usuario. Conseguir informaci\u00f3n sobre los h\u00e1bitos de navegaci\u00f3n del usuario. Las cookies pueden ser borradas, aceptadas o bloqueadas seg\u00fan desee, para esto s\u00f3lo puede configurarse convenientemente en el navegador web. Esta web emplea Cookies propias y de terceros. Puede ampliar la informaci\u00f3n consultando nuestra Pol\u00edtica de Cookies. 10. RETENCI\u00d3N DE SUS DATOS PERSONALES Guardaremos sus datos personales solo durante el tiempo que sea necesario y para el prop\u00f3sito para el que se recopilaron originalmente. En particular, mientras haya alguna posibilidad de que usted o nosotros deseemos presentar una reclamaci\u00f3n legal al amparo del servicio contratado, o cuando se nos exija guardar sus datos personales debido a razones legales o reglamentarias. No obstante, los datos permanecer\u00e1n en situaci\u00f3n de bloqueo durante los plazos que determina la normativa especificada anteriormente, a fin de poder atender las responsabilidades que se pudieran generar. Transcurridos dichos plazos se proceder\u00e1 a su supresi\u00f3n, salvo que el interesado haya autorizado su tratamiento para finalidades concretas por un plazo superior. En algunas circunstancias, podemos anonimizar sus datos personales (para que ya no puedan asociarse con usted) con fines estad\u00edsticos, en cuyo caso podremos utilizar esta informaci\u00f3n indefinidamente sin previo aviso. 11. TRANSFERENCIAS INTERNACIONALES En la actualidad no realiza transferencia internacional alguna de datos personales fuera de la Uni\u00f3n Europea. No obstante y si en un futuro tuviera lugar, queremos asegurarnos de que sus datos se almacenan y se transfieren de forma segura. Por lo tanto, solamente los transferiremos fuera de la Uni\u00f3n Europa, cuando se cumpla con la legislaci\u00f3n sobre protecci\u00f3n de datos y los medios de transferencia ofrezcan garant\u00edas adecuadas en relaci\u00f3n con sus datos, por ejemplo: \u2013 Mediante un acuerdo de transferencia de datos que incorpore las cl\u00e1usulas contractuales tipo en vigor establecidas por la Comisi\u00f3n Europea para la transferencia de datos personales por los responsables del tratamiento en el EEE a los responsables y encargados del tratamiento en territorios que carezcan de leyes adecuadas de protecci\u00f3n de datos;\u00a0o \u2013 Suscribiendo el marco del Escudo de la Privacidad UE \u2013 EE. UU. para la transferencia de datos personales desde entidades con sede en la UE hasta entidades ubicadas en Estados Unidos u otro acuerdo equivalente en relaci\u00f3n con otros territorios; o \u2013 Transfiriendo estos datos a pa\u00edses respecto de los cuales la Comisi\u00f3n Europea haya adoptado una decisi\u00f3n de adecuaci\u00f3n relativa al grado de protecci\u00f3n que les confiere la legislaci\u00f3n; o \u2013 Cuando sea necesario para la formalizaci\u00f3n o la ejecuci\u00f3n de un contrato entre nosotros y un tercero, y la transferencia redunde en inter\u00e9s de su persona a los efectos de dicho contrato (por ejemplo, si debemos transferir los datos fuera del EEE para cumplir con nuestras obligaciones con arreglo a dicho contrato si es usted cliente nuestro); o \u2013 Cuando haya dado su consentimiento para la transferencia de los datos. Para garantizar que su informaci\u00f3n personal recibe un nivel de protecci\u00f3n adecuado, pondremos en pr\u00e1ctica los procedimientos adecuados junto con los terceros con quienes intercambiemos sus datos personales, para garantizar que dichos terceros traten dicha informaci\u00f3n personal de manera coherente con la legislaci\u00f3n sobre protecci\u00f3n de datos y que la respeten. 12. MEDIDAS DE SEGURIDAD DE LOS DATOS PERSONALES Hemos implementado las medidas de seguridad t\u00e9cnicas y organizativas adecuadas para evitar que sus datos personales se pierdan, se utilicen o se acceda a ellos accidentalmente de forma no autorizada, sean modificados o divulgados, todo ello conforme a lo dispuesto en el Reglamento (UE) 2016\/679 del Parlamento Europeo y del Consejo de 27 de abril de 2016, relativo a la protecci\u00f3n de las personas f\u00edsicas en lo que respecta al tratamiento de datos personales, as\u00ed como lo que se establezca en la normativa nacional que sea de aplicaci\u00f3n. Asimismo, hemos implementado procedimientos para tratar cualquier sospecha de violaci\u00f3n de la seguridad de los datos personales. En caso de producirse, se lo notificaremos a usted y a cualquier entidad reguladora pertinente (Agencia Espa\u00f1ola de Protecci\u00f3n de Datos). No obstante, si bien nos esforzamos por proteger su informaci\u00f3n personal, la naturaleza de Internet impide que sea posible garantizar la seguridad de la informaci\u00f3n que al 100%. Con esto en mente, cualquier transmisi\u00f3n de datos realizada a trav\u00e9s de internet ser\u00e1 bajo su propio riesgo, por lo que le instamos a tomar todas las precauciones para proteger su informaci\u00f3n personal mientras est\u00e1 en l\u00ednea. 13. SUS DERECHOS Usted puede ejercitar gratuitamente sus Derechos de Acceso, Rectificaci\u00f3n, Supresi\u00f3n, Oposici\u00f3n y Limitaci\u00f3n al tratamiento de sus datos, as\u00ed como a la portabilidad de los mismos y a no ser objeto de una decisi\u00f3n basada \u00fanicamente en el tratamiento automatizado, incluida la elaboraci\u00f3n de perfiles. En concreto, tiene Derecho a: Que le proporcionemos m\u00e1s detalles sobre el uso que hacemos de sus datos personales \/ categor\u00eda especial de datos. Que le facilitemos el acceso a sus datos personales, obteniendo incluso una copia de la informaci\u00f3n personal que usted nos haya proporcionado; Que actualicemos cualquier inexactitud en sus datos personales; Que eliminemos cualquier categor\u00eda de datos personales que ya no tengan una base legal para su uso; Cuando el tratamiento se base en el consentimiento, retirar su consentimiento prestado (sin efectos retroactivos) a fin de que cesemos en el tratamiento basado en dicho consentimiento; Oponerse a cualquier tratamiento basado en el inter\u00e9s leg\u00edtimo, a menos que nuestros motivos para llevar a cabo ese tratamiento superen cualquier perjuicio a sus Derechos de protecci\u00f3n de datos; Restringir el modo en que utilizamos sus datos personales mientras se est\u00e1 investigando una denuncia. En determinadas circunstancias, nos veremos obligados a restringir los derechos anteriores para salvaguardar el inter\u00e9s p\u00fablico (por ejemplo, la prevenci\u00f3n o detecci\u00f3n de delitos) y nuestros intereses (por ejemplo, el mantenimiento del privilegio legal). El ejercicio de los Derechos es gratuito. Sin embargo, podemos cobrarle una tarifa razonable si su solicitud es claramente infundada, repetitiva o excesiva. El ejercicio de los Derechos es personal\u00edsimo, por lo que para su ejercicio deber\u00e1 acreditar su identidad o la de su Representante Legal. En el supuesto de que no acredite debidamente su identidad o existan dudas en torno al Derecho ejercitado, nos pondremos en contacto con usted para aclarar dichos extremos. Intentamos responder a todas las solicitudes leg\u00edtimas en el plazo de un mes. Ocasionalmente, puede llevarnos m\u00e1s de un mes si su solicitud es particularmente compleja o si ha realizado una serie de solicitudes. En este caso, se lo notificaremos debidamente. Si usted desea ejercitar cualquiera de los derechos enunciados anteriormente, por favor, p\u00f3ngase en contacto con nosotros a trav\u00e9s del correo electr\u00f3nico dirigido a romerotrillo &#8211; arroba -gmail.com. En dicha comunicaci\u00f3n deber\u00e1 se\u00f1alar como asunto \u201cProtecci\u00f3n de datos Personales\u201d, indicar su nombre y apellidos, adjuntar una fotocopia de su D.N.I. o documento acreditativo, y determinar un domicilio a efectos de notificaciones y la petici\u00f3n razonada en que se concreta la solicitud, fecha y firma. En el supuesto de que finalmente no est\u00e9 satisfecho con el uso que hacemos de sus datos personales o con nuestra respuesta ante cualquier solicitud de Derechos que ejercite, puede realizar la oportuna queja ante la AGENCIA ESPA\u00d1OLA DE PROTECCI\u00d3N DE DATOS. 14. OTROS SITIOS WEB La presente web puede contener enlaces a sitios web de terceros. Si sigue un enlace a cualquiera de estos sitios web, tenga en cuenta que tienen sus propias Pol\u00edticas de Privacidad y que no aceptamos ninguna responsabilidad por dichas pol\u00edticas o el tratamiento de su informaci\u00f3n personal. Consulte estas pol\u00edticas antes de enviar informaci\u00f3n personal a dichos sitios web de terceros.<\/p>\n\n\n\n<p><\/p>\n","protected":false},"excerpt":{"rendered":"<p>Esta web, registrada en Espa\u00f1a, en su compromiso con la Protecci\u00f3n de la Confidencialidad y Privacidad de los Datos Personales, ha adaptado todos sus procesos de negocio, y especialmente aquellos que implican un tratamiento de datos personales, al REGLAMENTO (UE) 2016\/679 DEL PARLAMENTO EUROPEO Y DEL CONSEJO de 27 de abril de 2016 relativo a [&hellip;]<\/p>\n","protected":false},"author":2,"featured_media":0,"parent":0,"menu_order":0,"comment_status":"closed","ping_status":"closed","template":"","meta":[],"aioseo_notices":[],"_links":{"self":[{"href":"https:\/\/www.jesusromerotrillo.es\/index.php?rest_route=\/wp\/v2\/pages\/1727"}],"collection":[{"href":"https:\/\/www.jesusromerotrillo.es\/index.php?rest_route=\/wp\/v2\/pages"}],"about":[{"href":"https:\/\/www.jesusromerotrillo.es\/index.php?rest_route=\/wp\/v2\/types\/page"}],"author":[{"embeddable":true,"href":"https:\/\/www.jesusromerotrillo.es\/index.php?rest_route=\/wp\/v2\/users\/2"}],"replies":[{"embeddable":true,"href":"https:\/\/www.jesusromerotrillo.es\/index.php?rest_route=%2Fwp%2Fv2%2Fcomments&post=1727"}],"version-history":[{"count":0,"href":"https:\/\/www.jesusromerotrillo.es\/index.php?rest_route=\/wp\/v2\/pages\/1727\/revisions"}],"wp:attachment":[{"href":"https:\/\/www.jesusromerotrillo.es\/index.php?rest_route=%2Fwp%2Fv2%2Fmedia&parent=1727"}],"curies":[{"name":"wp","href":"https:\/\/api.w.org\/{rel}","templated":true}]}}